{"id":19385,"date":"2022-09-30T17:19:30","date_gmt":"2022-09-30T15:19:30","guid":{"rendered":"https:\/\/sansisans.com\/mag-sans-news\/"},"modified":"2025-10-07T10:40:47","modified_gmt":"2025-10-07T08:40:47","slug":"mag-sans-news","status":"publish","type":"page","link":"https:\/\/sansisans.com\/en\/mag-sans-news\/","title":{"rendered":"Newsletter"},"content":{"rendered":"<div id=\"mc_embed_signup-form\">\n<form id=\"mc-embedded-subscribe-form\" class=\"validate\" action=\"https:\/\/cafeselmagnifico.us7.list-manage.com\/subscribe\/post?u=73e45c357220186a59ec8049f&amp;id=d9542708a6&amp;v_id=3749&amp;f_id=000ef3e3f0\" method=\"post\" name=\"mc-embedded-subscribe-form\" target=\"_self\">\n<div id=\"mc_embed_signup_scroll\">\n<div class=\"mc-field-group\"><label for=\"mce-FNAME\">Nombre <span class=\"asterisk\">*<\/span><br \/>\n<\/label><input id=\"mce-FNAME\" class=\"required\" name=\"FNAME\" required=\"\" type=\"text\" value=\"\" \/><br \/>\n<span id=\"mce-FNAME-HELPERTEXT\" class=\"helper_text\"><\/span><\/div>\n<div class=\"mc-field-group\"><label for=\"mce-LNAME\">Nombre empresa <\/label><input id=\"mce-LNAME\" class=\"\" name=\"LNAME\" type=\"text\" value=\"\" \/><br \/>\n<span id=\"mce-LNAME-HELPERTEXT\" class=\"helper_text\"><\/span><\/div>\n<div class=\"mc-field-group\"><label for=\"mce-MMERGE3\">Direcci\u00f3n <\/label><input id=\"mce-MMERGE3\" class=\"\" name=\"MMERGE3\" type=\"text\" value=\"\" \/><br \/>\n<span id=\"mce-MMERGE3-HELPERTEXT\" class=\"helper_text\"><\/span><\/div>\n<div class=\"mc-field-group\"><label for=\"mce-EMAIL\">Email Address <span class=\"asterisk\">*<\/span><br \/>\n<\/label><input id=\"mce-EMAIL-form\" class=\"required email\" name=\"EMAIL\" required=\"\" type=\"email\" value=\"\" \/><br \/>\n<span id=\"mce-EMAIL-HELPERTEXT\" class=\"helper_text\"><\/span><\/div>\n<div class=\"mc-field-group size1of2\"><label for=\"mce-PHONE\">Tel\u00e9fono <\/label><input id=\"mce-PHONE\" class=\"\" name=\"PHONE\" type=\"text\" value=\"\" \/><br \/>\n<span id=\"mce-PHONE-HELPERTEXT\" class=\"helper_text\"><\/span><\/div>\n<div class=\"mc-field-group\"><label for=\"mce-MMERGE5\">Firma <\/label><input id=\"mce-MMERGE5\" class=\"\" name=\"MMERGE5\" type=\"text\" value=\"\" \/><br \/>\n<span id=\"mce-MMERGE5-HELPERTEXT\" class=\"helper_text\"><\/span><\/div>\n<div class=\"mc-field-group\"><label for=\"mce-MMERGE7\">Newsletter mensual <span class=\"asterisk\">*<\/span><br \/>\n<\/label><br \/>\n<select id=\"mce-MMERGE7\" name=\"MMERGE7\"><option selected=\"selected\" value=\"Caf\u00e9 \/ T\u00e9\">Caf\u00e9 \/ T\u00e9<\/option><option value=\"Caf\u00e9\">Caf\u00e9<\/option><option value=\"T\u00e9\">T\u00e9<\/option><\/select><br \/>\n<span id=\"mce-MMERGE7-HELPERTEXT\" class=\"helper_text\"><\/span><\/div>\n<div id=\"mergeRow-gdpr\" class=\"mergeRow gdpr-mergeRow content__gdprBlock mc-field-group\">\n<div class=\"content__gdpr\">\n<fieldset class=\"mc_fieldset gdprRequired mc-field-group\" name=\"interestgroup_field\"><label class=\"checkbox subfield\" for=\"gdpr_69205\"><input id=\"gdpr_69205\" class=\"av-checkbox gdpr\" name=\"gdpr[69205]\" type=\"checkbox\" value=\"Y\" \/>Apuntarse a la newsletter <\/label><br \/>\n<label class=\"checkbox subfield\" for=\"gdpr_69209\"><input id=\"gdpr_69209\" class=\"av-checkbox gdpr\" name=\"gdpr[69209]\" type=\"checkbox\" value=\"Y\" \/>Contactar con nuestro asesor barista <\/label><br \/>\n<label class=\"checkbox subfield\" for=\"gdpr_365492\"><input id=\"gdpr_365492\" class=\"av-checkbox gdpr\" name=\"gdpr[365492]\" type=\"checkbox\" value=\"Y\" \/>Contactar con nuestro asesor de t\u00e9 <\/label><\/fieldset>\n<\/div>\n<\/div>\n<div id=\"mce-responses\" class=\"clear\">\n<div id=\"mce-error-response\" class=\"response\" style=\"display: none;\"><\/div>\n<div id=\"mce-success-response\" class=\"response\" style=\"display: none;\"><\/div>\n<\/div>\n<p><!-- real people should not fill this in and expect good things - do not remove this or risk form bot signups--><\/p>\n<div style=\"position: absolute; left: -5000px;\" aria-hidden=\"true\"><input tabindex=\"-1\" name=\"b_73e45c357220186a59ec8049f_d9542708a6\" type=\"text\" value=\"\" \/><\/div>\n<div class=\"clear\"><input id=\"mc-embedded-subscribe-form\" class=\"single_add_to_cart_button\" name=\"subscribe\" type=\"submit\" value=\"Enviar\" \/><\/div>\n<\/div>\n<\/form>\n<\/div>\n<p><!--End mc_embed_signup--><\/p>\n","protected":false},"excerpt":{"rendered":"<p>Nombre * Nombre empresa Direcci\u00f3n Email Address * Tel\u00e9fono Firma Newsletter mensual * Caf\u00e9 \/ T\u00e9Caf\u00e9T\u00e9 Apuntarse a la newsletter Contactar con nuestro asesor barista Contactar con nuestro asesor de t\u00e9<\/p>\n","protected":false},"author":1,"featured_media":0,"parent":0,"menu_order":0,"comment_status":"closed","ping_status":"closed","template":"templates\/newsletter.php","meta":{"_acf_changed":false,"footnotes":""},"class_list":["post-19385","page","type-page","status-publish","hentry"],"acf":[],"yoast_head":"<!-- This site is optimized with the Yoast SEO plugin v27.3 - https:\/\/yoast.com\/product\/yoast-seo-wordpress\/ -->\n<title>Newsletter - Sans &amp; Sans<\/title>\n<meta name=\"robots\" content=\"index, follow, max-snippet:-1, max-image-preview:large, max-video-preview:-1\" \/>\n<link rel=\"canonical\" href=\"https:\/\/sansisans.com\/en\/mag-sans-news\/\" \/>\n<meta property=\"og:locale\" content=\"en_US\" \/>\n<meta property=\"og:type\" content=\"article\" \/>\n<meta property=\"og:title\" content=\"Newsletter - Sans &amp; Sans\" \/>\n<meta property=\"og:description\" content=\"Nombre * Nombre empresa Direcci\u00f3n Email Address * Tel\u00e9fono Firma Newsletter mensual * Caf\u00e9 \/ T\u00e9Caf\u00e9T\u00e9 Apuntarse a la newsletter Contactar con nuestro asesor barista Contactar con nuestro asesor de t\u00e9\" \/>\n<meta property=\"og:url\" content=\"https:\/\/sansisans.com\/en\/mag-sans-news\/\" \/>\n<meta property=\"og:site_name\" content=\"Sans &amp; Sans\" \/>\n<meta property=\"article:modified_time\" content=\"2025-10-07T08:40:47+00:00\" \/>\n<meta name=\"twitter:card\" content=\"summary_large_image\" \/>\n<meta name=\"twitter:label1\" content=\"Est. reading time\" \/>\n\t<meta name=\"twitter:data1\" content=\"1 minute\" \/>\n<script type=\"application\/ld+json\" class=\"yoast-schema-graph\">{\"@context\":\"https:\\\/\\\/schema.org\",\"@graph\":[{\"@type\":\"WebPage\",\"@id\":\"https:\\\/\\\/sansisans.com\\\/en\\\/mag-sans-news\\\/\",\"url\":\"https:\\\/\\\/sansisans.com\\\/en\\\/mag-sans-news\\\/\",\"name\":\"Newsletter - Sans &amp; Sans\",\"isPartOf\":{\"@id\":\"https:\\\/\\\/sansisans.com\\\/en\\\/#website\"},\"datePublished\":\"2022-09-30T15:19:30+00:00\",\"dateModified\":\"2025-10-07T08:40:47+00:00\",\"breadcrumb\":{\"@id\":\"https:\\\/\\\/sansisans.com\\\/en\\\/mag-sans-news\\\/#breadcrumb\"},\"inLanguage\":\"en-US\",\"potentialAction\":[{\"@type\":\"ReadAction\",\"target\":[\"https:\\\/\\\/sansisans.com\\\/en\\\/mag-sans-news\\\/\"]}]},{\"@type\":\"BreadcrumbList\",\"@id\":\"https:\\\/\\\/sansisans.com\\\/en\\\/mag-sans-news\\\/#breadcrumb\",\"itemListElement\":[{\"@type\":\"ListItem\",\"position\":1,\"name\":\"Home\",\"item\":\"https:\\\/\\\/sansisans.com\\\/en\\\/\"},{\"@type\":\"ListItem\",\"position\":2,\"name\":\"Newsletter\"}]},{\"@type\":\"WebSite\",\"@id\":\"https:\\\/\\\/sansisans.com\\\/en\\\/#website\",\"url\":\"https:\\\/\\\/sansisans.com\\\/en\\\/\",\"name\":\"Sans &amp; Sans\",\"description\":\"La Casa de t\u00e9 Barcelona\",\"potentialAction\":[{\"@type\":\"SearchAction\",\"target\":{\"@type\":\"EntryPoint\",\"urlTemplate\":\"https:\\\/\\\/sansisans.com\\\/en\\\/?s={search_term_string}\"},\"query-input\":{\"@type\":\"PropertyValueSpecification\",\"valueRequired\":true,\"valueName\":\"search_term_string\"}}],\"inLanguage\":\"en-US\"}]}<\/script>\n<!-- \/ Yoast SEO plugin. -->","yoast_head_json":{"title":"Newsletter - Sans &amp; Sans","robots":{"index":"index","follow":"follow","max-snippet":"max-snippet:-1","max-image-preview":"max-image-preview:large","max-video-preview":"max-video-preview:-1"},"canonical":"https:\/\/sansisans.com\/en\/mag-sans-news\/","og_locale":"en_US","og_type":"article","og_title":"Newsletter - Sans &amp; Sans","og_description":"Nombre * Nombre empresa Direcci\u00f3n Email Address * Tel\u00e9fono Firma Newsletter mensual * Caf\u00e9 \/ T\u00e9Caf\u00e9T\u00e9 Apuntarse a la newsletter Contactar con nuestro asesor barista Contactar con nuestro asesor de t\u00e9","og_url":"https:\/\/sansisans.com\/en\/mag-sans-news\/","og_site_name":"Sans &amp; Sans","article_modified_time":"2025-10-07T08:40:47+00:00","twitter_card":"summary_large_image","twitter_misc":{"Est. reading time":"1 minute"},"schema":{"@context":"https:\/\/schema.org","@graph":[{"@type":"WebPage","@id":"https:\/\/sansisans.com\/en\/mag-sans-news\/","url":"https:\/\/sansisans.com\/en\/mag-sans-news\/","name":"Newsletter - Sans &amp; Sans","isPartOf":{"@id":"https:\/\/sansisans.com\/en\/#website"},"datePublished":"2022-09-30T15:19:30+00:00","dateModified":"2025-10-07T08:40:47+00:00","breadcrumb":{"@id":"https:\/\/sansisans.com\/en\/mag-sans-news\/#breadcrumb"},"inLanguage":"en-US","potentialAction":[{"@type":"ReadAction","target":["https:\/\/sansisans.com\/en\/mag-sans-news\/"]}]},{"@type":"BreadcrumbList","@id":"https:\/\/sansisans.com\/en\/mag-sans-news\/#breadcrumb","itemListElement":[{"@type":"ListItem","position":1,"name":"Home","item":"https:\/\/sansisans.com\/en\/"},{"@type":"ListItem","position":2,"name":"Newsletter"}]},{"@type":"WebSite","@id":"https:\/\/sansisans.com\/en\/#website","url":"https:\/\/sansisans.com\/en\/","name":"Sans &amp; Sans","description":"La Casa de t\u00e9 Barcelona","potentialAction":[{"@type":"SearchAction","target":{"@type":"EntryPoint","urlTemplate":"https:\/\/sansisans.com\/en\/?s={search_term_string}"},"query-input":{"@type":"PropertyValueSpecification","valueRequired":true,"valueName":"search_term_string"}}],"inLanguage":"en-US"}]}},"_links":{"self":[{"href":"https:\/\/sansisans.com\/en\/wp-json\/wp\/v2\/pages\/19385","targetHints":{"allow":["GET"]}}],"collection":[{"href":"https:\/\/sansisans.com\/en\/wp-json\/wp\/v2\/pages"}],"about":[{"href":"https:\/\/sansisans.com\/en\/wp-json\/wp\/v2\/types\/page"}],"author":[{"embeddable":true,"href":"https:\/\/sansisans.com\/en\/wp-json\/wp\/v2\/users\/1"}],"replies":[{"embeddable":true,"href":"https:\/\/sansisans.com\/en\/wp-json\/wp\/v2\/comments?post=19385"}],"version-history":[{"count":0,"href":"https:\/\/sansisans.com\/en\/wp-json\/wp\/v2\/pages\/19385\/revisions"}],"wp:attachment":[{"href":"https:\/\/sansisans.com\/en\/wp-json\/wp\/v2\/media?parent=19385"}],"curies":[{"name":"wp","href":"https:\/\/api.w.org\/{rel}","templated":true}]}}